{"id":6134,"date":"2021-02-01T07:44:17","date_gmt":"2021-02-01T07:44:17","guid":{"rendered":"https:\/\/meinke-uebersetzungen.de\/contact"},"modified":"2021-09-29T06:28:58","modified_gmt":"2021-09-29T06:28:58","slug":"kontakt","status":"publish","type":"page","link":"https:\/\/meinke-uebersetzungen.de\/de\/kontakt\/","title":{"rendered":"Kontakt"},"content":{"rendered":"\t\t<div data-elementor-type=\"wp-page\" data-elementor-id=\"6134\" class=\"elementor elementor-6134 elementor-26\">\n\t\t\t\t\t\t<section class=\"elementor-section elementor-top-section elementor-element elementor-element-fd1b1a8 elementor-section-stretched elementor-section-boxed elementor-section-height-default elementor-section-height-default\" data-id=\"fd1b1a8\" data-element_type=\"section\" data-settings=\"{&quot;stretch_section&quot;:&quot;section-stretched&quot;,&quot;background_background&quot;:&quot;classic&quot;}\">\n\t\t\t\t\t\t<div class=\"elementor-container elementor-column-gap-no\">\n\t\t\t\t\t<div class=\"elementor-column elementor-col-50 elementor-top-column elementor-element elementor-element-c87bdb1\" data-id=\"c87bdb1\" data-element_type=\"column\">\n\t\t\t<div class=\"elementor-widget-wrap elementor-element-populated\">\n\t\t\t\t\t\t<div class=\"elementor-element elementor-element-7bab2e3 elementor-mobile-position-center elementor-position-above elementor-widget elementor-widget-heading\" data-id=\"7bab2e3\" data-element_type=\"widget\" data-widget_type=\"heading.default\">\n\t\t\t\t<div class=\"elementor-widget-container\">\n\t\t\t<div class=\"elementor-heading-wrapper\" ><div class=\"elementor-heading-wrapper-inner\"><h2 class=\"elementor-heading-title elementor-size-default\">Sie brauchen eine \u00dcbersetzung? <\/h2><span class=\"sub-title\">Sie haben noch Fragen?<\/span><\/div><\/div>\t\t<\/div>\n\t\t\t\t<\/div>\n\t\t\t\t<div class=\"elementor-element elementor-element-d349be0 elementor-widget elementor-widget-text-editor\" data-id=\"d349be0\" data-element_type=\"widget\" data-widget_type=\"text-editor.default\">\n\t\t\t\t<div class=\"elementor-widget-container\">\n\t\t\t        <div class=\"elementor-text-editor elementor-clearfix\"><p>Bis wann kann ich Ihre Texte \u00fcbersetzen?<\/p><p>Laden Sie Ihr Dokument hoch, und ich werde Ihnen ein Angebot unterbreiten.<br \/>Ich melde mich sp\u00e4testens innerhalb von 24 Stunden bei Ihnen.<\/p><\/div>\n        \t\t<\/div>\n\t\t\t\t<\/div>\n\t\t\t\t<div class=\"elementor-element elementor-element-be7f9bd elementor-wpcf7-button-primary elementor-wpcf7-button-md elementor-widget elementor-widget-opal-contactform7\" data-id=\"be7f9bd\" data-element_type=\"widget\" data-widget_type=\"opal-contactform7.default\">\n\t\t\t\t<div class=\"elementor-widget-container\">\n\t\t\t\n<div class=\"wpcf7 no-js\" id=\"wpcf7-f6194-o1\" lang=\"en-US\" dir=\"ltr\" data-wpcf7-id=\"6194\">\n<div class=\"screen-reader-response\"><p role=\"status\" aria-live=\"polite\" aria-atomic=\"true\"><\/p> <ul><\/ul><\/div>\n<form action=\"\/de\/wp-json\/wp\/v2\/pages\/6134#wpcf7-f6194-o1\" method=\"post\" class=\"wpcf7-form init\" aria-label=\"Contact form\" enctype=\"multipart\/form-data\" novalidate=\"novalidate\" data-status=\"init\">\n<div style=\"display: none;\">\n<input type=\"hidden\" name=\"_wpcf7\" value=\"6194\" \/>\n<input type=\"hidden\" name=\"_wpcf7_version\" value=\"6.0.5\" \/>\n<input type=\"hidden\" name=\"_wpcf7_locale\" value=\"en_US\" \/>\n<input type=\"hidden\" name=\"_wpcf7_unit_tag\" value=\"wpcf7-f6194-o1\" \/>\n<input type=\"hidden\" name=\"_wpcf7_container_post\" value=\"0\" \/>\n<input type=\"hidden\" name=\"_wpcf7_posted_data_hash\" value=\"\" \/>\n<\/div>\n<div class=\"row\">\n\t<div class=\"col-md-6\">\n\t\t<p><br \/>\n<span class=\"wpcf7-form-control-wrap\" data-name=\"your-name\"><input size=\"40\" maxlength=\"400\" class=\"wpcf7-form-control wpcf7-text wpcf7-validates-as-required\" id=\"form-name-2\" aria-required=\"true\" aria-invalid=\"false\" placeholder=\"Ihr Name*\" value=\"\" type=\"text\" name=\"your-name\" \/><\/span>\n\t\t<\/p>\n\t<\/div>\n\t<div class=\"col-md-6\">\n\t\t<p><br \/>\n<span class=\"wpcf7-form-control-wrap\" data-name=\"your-phone\"><input class=\"wpcf7-form-control wpcf7-number wpcf7-validates-as-number\" id=\"form-phone-2\" aria-invalid=\"false\" placeholder=\"Telefonnummer\" value=\"\" type=\"number\" name=\"your-phone\" \/><\/span>\n\t\t<\/p>\n\t<\/div>\n\t<div class=\"col-md-6\">\n\t\t<p class=\"mb-4\"><br \/>\n<span class=\"wpcf7-form-control-wrap\" data-name=\"your-email\"><input size=\"40\" maxlength=\"400\" class=\"wpcf7-form-control wpcf7-email wpcf7-validates-as-required wpcf7-text wpcf7-validates-as-email\" id=\"form-email-2\" aria-required=\"true\" aria-invalid=\"false\" placeholder=\"E-Mail Adresse*\" value=\"\" type=\"email\" name=\"your-email\" \/><\/span>\n\t\t<\/p>\n\t<\/div>\n\t<div class=\"col-md-6\">\n\t\t<p><br \/>\n<span class=\"wpcf7-form-control-wrap\" data-name=\"your-subject\"><input size=\"40\" maxlength=\"400\" class=\"wpcf7-form-control wpcf7-text\" aria-invalid=\"false\" placeholder=\"Betreff\" value=\"\" type=\"text\" name=\"your-subject\" \/><\/span>\n\t\t<\/p>\n\t<\/div>\n\t<div class=\"col-md-12\">\n\t\t<p><br \/>\n<span class=\"wpcf7-form-control-wrap\" data-name=\"your-message\"><textarea cols=\"40\" rows=\"4\" maxlength=\"2000\" class=\"wpcf7-form-control wpcf7-textarea wpcf7-validates-as-required\" aria-required=\"true\" aria-invalid=\"false\" name=\"your-message\">Nachricht*<\/textarea><\/span>\n\t\t<\/p>\n\t<\/div>\n\t<div class=\"col-md-12\">\n\t\t<p><br \/>\nDatei hochladen\n\t\t<\/p>\n\t\t<p><span class=\"wpcf7-form-control-wrap\" data-name=\"file-724\"><input size=\"40\" class=\"wpcf7-form-control wpcf7-file\" accept=\"audio\/*,video\/*,image\/*\" aria-invalid=\"false\" type=\"file\" name=\"file-724\" \/><\/span>\n\t\t<\/p>\n\t<\/div>\n\t<div class=\"col-md-12\">\n\t\t<p><br \/>\n<span class=\"wpcf7-form-control-wrap kc_captcha\" data-name=\"kc_captcha\"><span class=\"wpcf7-form-control wpcf7-radio\"><span class=\"captcha-image\" ><span class=\"cf7ic_instructions\">Please prove you are human by selecting the<span> car<\/span>.<\/span><label><input aria-label=\"1\" type=\"radio\" name=\"kc_captcha\" value=\"kc_human\" \/><svg width=\"50\" height=\"50\" aria-hidden=\"true\" role=\"img\" xmlns=\"http:\/\/www.w3.org\/2000\/svg\" viewBox=\"0 0 512 512\"><path fill=\"currentColor\" d=\"M500 168h-55l-8-21a127 127 0 00-120-83H195a127 127 0 00-120 83l-8 21H12c-8 0-14 8-11 16l8 24a12 12 0 0011 8h29a64 64 0 00-33 56v48c0 16 6 31 16 42v62c0 13 11 24 24 24h48c13 0 24-11 24-24v-40h256v40c0 13 11 24 24 24h48c13 0 24-11 24-24v-62c10-11 16-26 16-42v-48c0-24-13-45-33-56h29a12 12 0 0011-8l8-24c3-8-3-16-11-16zm-365 2c9-25 33-42 60-42h122c27 0 51 17 60 42l15 38H120l15-38zM88 328a32 32 0 010-64c18 0 48 30 48 48s-30 16-48 16zm336 0c-18 0-48 2-48-16s30-48 48-48 32 14 32 32-14 32-32 32z\"\/><\/svg><\/label><label><input aria-label=\"2\" type=\"radio\" name=\"kc_captcha\" value=\"bot\" \/><svg width=\"50\" height=\"50\" aria-hidden=\"true\" role=\"img\" xmlns=\"http:\/\/www.w3.org\/2000\/svg\" viewBox=\"0 0 640 512\"><path fill=\"currentColor\" d=\"M192 384h192c53 0 96-43 96-96h32a128 128 0 000-256H120c-13 0-24 11-24 24v232c0 53 43 96 96 96zM512 96a64 64 0 010 128h-32V96h32zm48 384H48c-47 0-61-64-36-64h584c25 0 11 64-36 64z\"\/><\/svg><\/label><label><input aria-label=\"3\" type=\"radio\" name=\"kc_captcha\" value=\"bot\" \/><svg width=\"50\" height=\"50\" aria-hidden=\"true\" role=\"img\" xmlns=\"http:\/\/www.w3.org\/2000\/svg\" viewBox=\"0 0 384 512\"><path fill=\"currentColor\" d=\"M377 375l-83-87h34c21 0 32-25 17-40l-82-88h33c21 0 32-25 18-40L210 8c-10-11-26-11-36 0L70 120c-14 15-3 40 18 40h33l-82 88c-15 15-4 40 17 40h34L7 375c-15 16-4 41 17 41h120c0 33-11 49-34 68-12 9-5 28 10 28h144c15 0 22-19 10-28-20-16-34-32-34-68h120c21 0 32-25 17-41z\"\/><\/svg><\/label>\r\n    <\/span>\r\n    <span style=\"display:none\">\r\n        <input type=\"text\" name=\"kc_honeypot\">\r\n    <\/span><\/span><\/span>\n\t\t<\/p>\n\t<\/div>\n<\/div>\n<p><button type=\"submit\" value=\"Submit\"><span>Nachricht senden<\/span><i class=\"opal-icon-arrow-right\" aria-hidden=\"true\"><\/i><\/button>\n<\/p><div class=\"wpcf7-response-output\" aria-hidden=\"true\"><\/div>\n<\/form>\n<\/div>\n\t\t<\/div>\n\t\t\t\t<\/div>\n\t\t\t\t\t<\/div>\n\t\t<\/div>\n\t\t\t\t<div class=\"elementor-column elementor-col-50 elementor-top-column elementor-element elementor-element-ab451b3\" data-id=\"ab451b3\" data-element_type=\"column\">\n\t\t\t<div class=\"elementor-widget-wrap elementor-element-populated\">\n\t\t\t\t\t\t<div class=\"elementor-element elementor-element-562347f elementor-mobile-position-center elementor-position-above elementor-widget elementor-widget-heading\" data-id=\"562347f\" data-element_type=\"widget\" data-widget_type=\"heading.default\">\n\t\t\t\t<div class=\"elementor-widget-container\">\n\t\t\t<div class=\"elementor-heading-wrapper\" ><div class=\"elementor-heading-wrapper-inner\"><h3 class=\"elementor-heading-title elementor-size-default\">Alternativ erreichen Sie mich auch \u00fcber:<\/h3><\/div><\/div>\t\t<\/div>\n\t\t\t\t<\/div>\n\t\t\t\t<div class=\"elementor-element elementor-element-236e356 elementor-position-left elementor-widget-mobile__width-inherit elementor-view-default elementor-vertical-align-top elementor-widget elementor-widget-icon-box\" data-id=\"236e356\" data-element_type=\"widget\" data-widget_type=\"icon-box.default\">\n\t\t\t\t<div class=\"elementor-widget-container\">\n\t\t\t        <div class=\"elementor-icon-box-wrapper\">\n                            <div class=\"elementor-icon-box-icon\">\n                    <a class=\"elementor-icon elementor-animation-\" href=\"mailto:info@meinke-uebersetzungen.de\">\n                        <i class=\"fa fa-at\" aria-hidden=\"true\"><\/i>\n                    <\/a>\n                <\/div>\n            \n            <div class=\"elementor-icon-box-content\">\n                <div class=\"elementor-icon-header\">\n                                        <div class=\"elementor-icon-header-inner\">\n                        \n                        <h3 class=\"elementor-icon-box-title\">\n                            <a href=\"mailto:info@meinke-uebersetzungen.de\">\n                                E-mail                            <\/a>\n                        <\/h3>\n                    <\/div>\n                <\/div>\n                                    <p class=\"elementor-icon-box-description\"><a href=\"mailto:info@meinke-uebersetzungen.de\">info@meinke-uebersetzungen.de<\/a><\/p>\n                             <\/div>\n                    <\/div>\n        \t\t<\/div>\n\t\t\t\t<\/div>\n\t\t\t\t<div class=\"elementor-element elementor-element-eb9afdf elementor-position-left elementor-widget-mobile__width-inherit elementor-view-default elementor-vertical-align-top elementor-widget elementor-widget-icon-box\" data-id=\"eb9afdf\" data-element_type=\"widget\" data-widget_type=\"icon-box.default\">\n\t\t\t\t<div class=\"elementor-widget-container\">\n\t\t\t        <div class=\"elementor-icon-box-wrapper\">\n                            <div class=\"elementor-icon-box-icon\">\n                    <a class=\"elementor-icon elementor-animation-\" href=\"tel:6045647331\">\n                        <i class=\"fa fa-mobile-phone\" aria-hidden=\"true\"><\/i>\n                    <\/a>\n                <\/div>\n            \n            <div class=\"elementor-icon-box-content\">\n                <div class=\"elementor-icon-header\">\n                                        <div class=\"elementor-icon-header-inner\">\n                        \n                        <h3 class=\"elementor-icon-box-title\">\n                            <a href=\"tel:6045647331\">\n                                Telefon                            <\/a>\n                        <\/h3>\n                    <\/div>\n                <\/div>\n                                    <p class=\"elementor-icon-box-description\"><a href=\"tel:6045647331\">(604) 564 7331<\/a><\/p>\n                             <\/div>\n                    <\/div>\n        \t\t<\/div>\n\t\t\t\t<\/div>\n\t\t\t\t<div class=\"elementor-element elementor-element-5fa8bdf elementor-position-left elementor-widget-mobile__width-inherit elementor-view-default elementor-vertical-align-top elementor-widget elementor-widget-icon-box\" data-id=\"5fa8bdf\" data-element_type=\"widget\" data-widget_type=\"icon-box.default\">\n\t\t\t\t<div class=\"elementor-widget-container\">\n\t\t\t        <div class=\"elementor-icon-box-wrapper\">\n                            <div class=\"elementor-icon-box-icon\">\n                    <a class=\"elementor-icon elementor-animation-\" href=\"https:\/\/www.linkedin.com\/in\/stephan-meinke-a7b2411a1\/\" target=\"_blank\">\n                        <i class=\"fa fa-linkedin\" aria-hidden=\"true\"><\/i>\n                    <\/a>\n                <\/div>\n            \n            <div class=\"elementor-icon-box-content\">\n                <div class=\"elementor-icon-header\">\n                                        <div class=\"elementor-icon-header-inner\">\n                        \n                        <h3 class=\"elementor-icon-box-title\">\n                            <a href=\"https:\/\/www.linkedin.com\/in\/stephan-meinke-a7b2411a1\/\" target=\"_blank\">\n                                Linkedin                            <\/a>\n                        <\/h3>\n                    <\/div>\n                <\/div>\n                                    <p class=\"elementor-icon-box-description\"><a target=\"_blank\" href=\"https:\/\/www.linkedin.com\/in\/stephan-meinke-a7b2411a1\/\">Stephan Meinke<\/a><\/p>\n                             <\/div>\n                    <\/div>\n        \t\t<\/div>\n\t\t\t\t<\/div>\n\t\t\t\t<div class=\"elementor-element elementor-element-842affb elementor-widget elementor-widget-accordion\" data-id=\"842affb\" data-element_type=\"widget\" data-widget_type=\"accordion.default\">\n\t\t\t\t<div class=\"elementor-widget-container\">\n\t\t\t        <div class=\"elementor-accordion\" role=\"tablist\">\n                    <div class=\"elementor-accordion-item\">\n            <div id=\"elementor-tab-title-1381\" class=\"elementor-tab-title\" data-tab=\"1\" role=\"tab\" aria-controls=\"elementor-tab-content-1381\" aria-expanded=\"false\">\n                            <span class=\"elementor-accordion-icon elementor-accordion-icon-left\" aria-hidden=\"true\">\n\t\t\t\t\t\t\t                                <span class=\"elementor-accordion-icon-closed\"><i class=\"fas fa-plus\"><\/i><\/span>\n                                <span class=\"elementor-accordion-icon-opened\"><i class=\"fas fa-minus\"><\/i><\/span>\n                            \t\t\t\t\t\t\t<\/span>\n                        <a class=\"elementor-accordion-title\" href=\"\">Mit welchen Textdateien arbeite ich?<\/a>\n            <\/div>\n            <div id=\"elementor-tab-content-1381\" class=\"elementor-tab-content elementor-clearfix\" data-tab=\"1\" role=\"tabpanel\" aria-labelledby=\"elementor-tab-title-1381\"><p>Word, PowerPoint und Excel sind ideal, aber PDF-Dateien sind auch akzeptabel. Wenn der Text schwer zu bearbeiten ist ( schwer zu lesende gescannte Dokumente), wird das Honorar entsprechend angepasst.<\/p><\/div>\n            <\/div>\n                    <div class=\"elementor-accordion-item\">\n            <div id=\"elementor-tab-title-1382\" class=\"elementor-tab-title\" data-tab=\"2\" role=\"tab\" aria-controls=\"elementor-tab-content-1382\" aria-expanded=\"false\">\n                            <span class=\"elementor-accordion-icon elementor-accordion-icon-left\" aria-hidden=\"true\">\n\t\t\t\t\t\t\t                                <span class=\"elementor-accordion-icon-closed\"><i class=\"fas fa-plus\"><\/i><\/span>\n                                <span class=\"elementor-accordion-icon-opened\"><i class=\"fas fa-minus\"><\/i><\/span>\n                            \t\t\t\t\t\t\t<\/span>\n                        <a class=\"elementor-accordion-title\" href=\"\">Was wird die \u00dcbersetzung kosten?<\/a>\n            <\/div>\n            <div id=\"elementor-tab-content-1382\" class=\"elementor-tab-content elementor-clearfix\" data-tab=\"2\" role=\"tabpanel\" aria-labelledby=\"elementor-tab-title-1382\"><p>Im Allgemeinen berechne ich 0,13 CAD\/Wort, 0,09 EUR\/Wort, 0,11 USD oder 0,08 GBP\/Wort &#8211; je nachdem, wo Sie wohnen.<\/p><\/div>\n            <\/div>\n                    <div class=\"elementor-accordion-item\">\n            <div id=\"elementor-tab-title-1383\" class=\"elementor-tab-title\" data-tab=\"3\" role=\"tab\" aria-controls=\"elementor-tab-content-1383\" aria-expanded=\"false\">\n                            <span class=\"elementor-accordion-icon elementor-accordion-icon-left\" aria-hidden=\"true\">\n\t\t\t\t\t\t\t                                <span class=\"elementor-accordion-icon-closed\"><i class=\"fas fa-plus\"><\/i><\/span>\n                                <span class=\"elementor-accordion-icon-opened\"><i class=\"fas fa-minus\"><\/i><\/span>\n                            \t\t\t\t\t\t\t<\/span>\n                        <a class=\"elementor-accordion-title\" href=\"\">Auf welche Art kann ich bezahlen?<\/a>\n            <\/div>\n            <div id=\"elementor-tab-content-1383\" class=\"elementor-tab-content elementor-clearfix\" data-tab=\"3\" role=\"tabpanel\" aria-labelledby=\"elementor-tab-title-1383\"><p>Gerne akzeptiere ich die folgenden Zahlungsarten:<br \/>\u00dcberweisung (Deutsches Konto)<br \/>PayPal (Weltweit)<br \/>E-Transfer (Kanada)<\/p><\/div>\n            <\/div>\n                <\/div>\n        \t\t<\/div>\n\t\t\t\t<\/div>\n\t\t\t\t<div class=\"elementor-element elementor-element-152cb60 elementor-widget elementor-widget-text-editor\" data-id=\"152cb60\" data-element_type=\"widget\" data-widget_type=\"text-editor.default\">\n\t\t\t\t<div class=\"elementor-widget-container\">\n\t\t\t        <div class=\"elementor-text-editor elementor-clearfix\"><h3>Ich freue mich von Ihnen zu h\u00f6ren!<\/h3><\/div>\n        \t\t<\/div>\n\t\t\t\t<\/div>\n\t\t\t\t\t<\/div>\n\t\t<\/div>\n\t\t\t\t\t<\/div>\n\t\t<\/section>\n\t\t\t\t<\/div>\n\t\t","protected":false},"excerpt":{"rendered":"<p>Sie brauchen eine \u00dcbersetzung? Sie haben noch Fragen? Bis wann kann ich Ihre Texte \u00fcbersetzen? Laden Sie Ihr Dokument hoch, und ich werde Ihnen ein Angebot unterbreiten.Ich melde mich sp\u00e4testens innerhalb von 24 Stunden bei Ihnen. Nachricht* Nachricht senden Alternativ erreichen Sie mich auch \u00fcber: E-mail info@meinke-uebersetzungen.de Telefon (604) 564 7331 Linkedin Stephan Meinke Mit &hellip; <\/p>\n<p class=\"more-link-wrap\"><a href=\"https:\/\/meinke-uebersetzungen.de\/de\/kontakt\/\" class=\"more-link\"><span>Read More<span class=\"screen-reader-text\"> &#8222;Kontakt&#8220;<\/span><\/span><i class=\"opal-icon-arrow-right\" aria-hidden=\"true\"><\/i><\/a><\/p>\n","protected":false},"author":1,"featured_media":0,"parent":0,"menu_order":0,"comment_status":"closed","ping_status":"closed","template":"page-elementor.php","meta":{"inline_featured_image":false,"footnotes":""},"class_list":["post-6134","page","type-page","status-publish","hentry"],"yoast_head":"<!-- This site is optimized with the Yoast SEO plugin v24.7 - https:\/\/yoast.com\/wordpress\/plugins\/seo\/ -->\n<title>Kontakt - Meinke-\u00dcbersetzungen<\/title>\n<meta name=\"robots\" content=\"index, follow, max-snippet:-1, max-image-preview:large, max-video-preview:-1\" \/>\n<link rel=\"canonical\" href=\"https:\/\/meinke-uebersetzungen.de\/de\/kontakt\/\" \/>\n<meta property=\"og:locale\" content=\"de_DE\" \/>\n<meta property=\"og:type\" content=\"article\" \/>\n<meta property=\"og:title\" content=\"Kontakt - Meinke-\u00dcbersetzungen\" \/>\n<meta property=\"og:description\" content=\"Sie brauchen eine \u00dcbersetzung? Sie haben noch Fragen? Bis wann kann ich Ihre Texte \u00fcbersetzen? Laden Sie Ihr Dokument hoch, und ich werde Ihnen ein Angebot unterbreiten.Ich melde mich sp\u00e4testens innerhalb von 24 Stunden bei Ihnen. Nachricht* Nachricht senden Alternativ erreichen Sie mich auch \u00fcber: E-mail info@meinke-uebersetzungen.de Telefon (604) 564 7331 Linkedin Stephan Meinke Mit &hellip; Read More &quot;Kontakt&quot;\" \/>\n<meta property=\"og:url\" content=\"https:\/\/meinke-uebersetzungen.de\/de\/kontakt\/\" \/>\n<meta property=\"og:site_name\" content=\"Meinke-\u00dcbersetzungen\" \/>\n<meta property=\"article:modified_time\" content=\"2021-09-29T06:28:58+00:00\" \/>\n<meta name=\"twitter:card\" content=\"summary_large_image\" \/>\n<meta name=\"twitter:label1\" content=\"Gesch\u00e4tzte Lesezeit\" \/>\n\t<meta name=\"twitter:data1\" content=\"1\u00a0Minute\" \/>\n<script type=\"application\/ld+json\" class=\"yoast-schema-graph\">{\"@context\":\"https:\/\/schema.org\",\"@graph\":[{\"@type\":\"WebPage\",\"@id\":\"https:\/\/meinke-uebersetzungen.de\/de\/kontakt\/\",\"url\":\"https:\/\/meinke-uebersetzungen.de\/de\/kontakt\/\",\"name\":\"Kontakt - Meinke-\u00dcbersetzungen\",\"isPartOf\":{\"@id\":\"https:\/\/meinke-uebersetzungen.de\/#website\"},\"datePublished\":\"2021-02-01T07:44:17+00:00\",\"dateModified\":\"2021-09-29T06:28:58+00:00\",\"breadcrumb\":{\"@id\":\"https:\/\/meinke-uebersetzungen.de\/de\/kontakt\/#breadcrumb\"},\"inLanguage\":\"de\",\"potentialAction\":[{\"@type\":\"ReadAction\",\"target\":[\"https:\/\/meinke-uebersetzungen.de\/de\/kontakt\/\"]}]},{\"@type\":\"BreadcrumbList\",\"@id\":\"https:\/\/meinke-uebersetzungen.de\/de\/kontakt\/#breadcrumb\",\"itemListElement\":[{\"@type\":\"ListItem\",\"position\":1,\"name\":\"Home\",\"item\":\"https:\/\/meinke-uebersetzungen.de\/de\/\"},{\"@type\":\"ListItem\",\"position\":2,\"name\":\"Kontakt\"}]},{\"@type\":\"WebSite\",\"@id\":\"https:\/\/meinke-uebersetzungen.de\/#website\",\"url\":\"https:\/\/meinke-uebersetzungen.de\/\",\"name\":\"Meinke-\u00dcbersetzungen\",\"description\":\"\",\"publisher\":{\"@id\":\"https:\/\/meinke-uebersetzungen.de\/#organization\"},\"potentialAction\":[{\"@type\":\"SearchAction\",\"target\":{\"@type\":\"EntryPoint\",\"urlTemplate\":\"https:\/\/meinke-uebersetzungen.de\/?s={search_term_string}\"},\"query-input\":{\"@type\":\"PropertyValueSpecification\",\"valueRequired\":true,\"valueName\":\"search_term_string\"}}],\"inLanguage\":\"de\"},{\"@type\":\"Organization\",\"@id\":\"https:\/\/meinke-uebersetzungen.de\/#organization\",\"name\":\"Meinke-\u00dcbersetzungen\",\"url\":\"https:\/\/meinke-uebersetzungen.de\/\",\"logo\":{\"@type\":\"ImageObject\",\"inLanguage\":\"de\",\"@id\":\"https:\/\/meinke-uebersetzungen.de\/#\/schema\/logo\/image\/\",\"url\":\"https:\/\/meinke-uebersetzungen.de\/wp-content\/uploads\/2021\/07\/mt-logo-www-test-1.png\",\"contentUrl\":\"https:\/\/meinke-uebersetzungen.de\/wp-content\/uploads\/2021\/07\/mt-logo-www-test-1.png\",\"width\":1009,\"height\":202,\"caption\":\"Meinke-\u00dcbersetzungen\"},\"image\":{\"@id\":\"https:\/\/meinke-uebersetzungen.de\/#\/schema\/logo\/image\/\"}}]}<\/script>\n<!-- \/ Yoast SEO plugin. -->","yoast_head_json":{"title":"Kontakt - Meinke-\u00dcbersetzungen","robots":{"index":"index","follow":"follow","max-snippet":"max-snippet:-1","max-image-preview":"max-image-preview:large","max-video-preview":"max-video-preview:-1"},"canonical":"https:\/\/meinke-uebersetzungen.de\/de\/kontakt\/","og_locale":"de_DE","og_type":"article","og_title":"Kontakt - Meinke-\u00dcbersetzungen","og_description":"Sie brauchen eine \u00dcbersetzung? Sie haben noch Fragen? Bis wann kann ich Ihre Texte \u00fcbersetzen? Laden Sie Ihr Dokument hoch, und ich werde Ihnen ein Angebot unterbreiten.Ich melde mich sp\u00e4testens innerhalb von 24 Stunden bei Ihnen. Nachricht* Nachricht senden Alternativ erreichen Sie mich auch \u00fcber: E-mail info@meinke-uebersetzungen.de Telefon (604) 564 7331 Linkedin Stephan Meinke Mit &hellip; Read More \"Kontakt\"","og_url":"https:\/\/meinke-uebersetzungen.de\/de\/kontakt\/","og_site_name":"Meinke-\u00dcbersetzungen","article_modified_time":"2021-09-29T06:28:58+00:00","twitter_card":"summary_large_image","twitter_misc":{"Gesch\u00e4tzte Lesezeit":"1\u00a0Minute"},"schema":{"@context":"https:\/\/schema.org","@graph":[{"@type":"WebPage","@id":"https:\/\/meinke-uebersetzungen.de\/de\/kontakt\/","url":"https:\/\/meinke-uebersetzungen.de\/de\/kontakt\/","name":"Kontakt - Meinke-\u00dcbersetzungen","isPartOf":{"@id":"https:\/\/meinke-uebersetzungen.de\/#website"},"datePublished":"2021-02-01T07:44:17+00:00","dateModified":"2021-09-29T06:28:58+00:00","breadcrumb":{"@id":"https:\/\/meinke-uebersetzungen.de\/de\/kontakt\/#breadcrumb"},"inLanguage":"de","potentialAction":[{"@type":"ReadAction","target":["https:\/\/meinke-uebersetzungen.de\/de\/kontakt\/"]}]},{"@type":"BreadcrumbList","@id":"https:\/\/meinke-uebersetzungen.de\/de\/kontakt\/#breadcrumb","itemListElement":[{"@type":"ListItem","position":1,"name":"Home","item":"https:\/\/meinke-uebersetzungen.de\/de\/"},{"@type":"ListItem","position":2,"name":"Kontakt"}]},{"@type":"WebSite","@id":"https:\/\/meinke-uebersetzungen.de\/#website","url":"https:\/\/meinke-uebersetzungen.de\/","name":"Meinke-\u00dcbersetzungen","description":"","publisher":{"@id":"https:\/\/meinke-uebersetzungen.de\/#organization"},"potentialAction":[{"@type":"SearchAction","target":{"@type":"EntryPoint","urlTemplate":"https:\/\/meinke-uebersetzungen.de\/?s={search_term_string}"},"query-input":{"@type":"PropertyValueSpecification","valueRequired":true,"valueName":"search_term_string"}}],"inLanguage":"de"},{"@type":"Organization","@id":"https:\/\/meinke-uebersetzungen.de\/#organization","name":"Meinke-\u00dcbersetzungen","url":"https:\/\/meinke-uebersetzungen.de\/","logo":{"@type":"ImageObject","inLanguage":"de","@id":"https:\/\/meinke-uebersetzungen.de\/#\/schema\/logo\/image\/","url":"https:\/\/meinke-uebersetzungen.de\/wp-content\/uploads\/2021\/07\/mt-logo-www-test-1.png","contentUrl":"https:\/\/meinke-uebersetzungen.de\/wp-content\/uploads\/2021\/07\/mt-logo-www-test-1.png","width":1009,"height":202,"caption":"Meinke-\u00dcbersetzungen"},"image":{"@id":"https:\/\/meinke-uebersetzungen.de\/#\/schema\/logo\/image\/"}}]}},"_links":{"self":[{"href":"https:\/\/meinke-uebersetzungen.de\/de\/wp-json\/wp\/v2\/pages\/6134","targetHints":{"allow":["GET"]}}],"collection":[{"href":"https:\/\/meinke-uebersetzungen.de\/de\/wp-json\/wp\/v2\/pages"}],"about":[{"href":"https:\/\/meinke-uebersetzungen.de\/de\/wp-json\/wp\/v2\/types\/page"}],"author":[{"embeddable":true,"href":"https:\/\/meinke-uebersetzungen.de\/de\/wp-json\/wp\/v2\/users\/1"}],"replies":[{"embeddable":true,"href":"https:\/\/meinke-uebersetzungen.de\/de\/wp-json\/wp\/v2\/comments?post=6134"}],"version-history":[{"count":6,"href":"https:\/\/meinke-uebersetzungen.de\/de\/wp-json\/wp\/v2\/pages\/6134\/revisions"}],"predecessor-version":[{"id":6612,"href":"https:\/\/meinke-uebersetzungen.de\/de\/wp-json\/wp\/v2\/pages\/6134\/revisions\/6612"}],"wp:attachment":[{"href":"https:\/\/meinke-uebersetzungen.de\/de\/wp-json\/wp\/v2\/media?parent=6134"}],"curies":[{"name":"wp","href":"https:\/\/api.w.org\/{rel}","templated":true}]}}